{"id":2498,"date":"2024-05-29T15:14:25","date_gmt":"2024-05-29T15:14:25","guid":{"rendered":"https:\/\/4003.nisanagency.com\/?page_id=2498"},"modified":"2024-05-29T15:15:50","modified_gmt":"2024-05-29T15:15:50","slug":"satis-hizmetleri","status":"publish","type":"page","link":"https:\/\/cigdememlak.com\/ru\/satis-hizmetleri\/","title":{"rendered":"\u0423\u0441\u043b\u0443\u0433\u0438 \u043f\u043e \u043f\u0440\u043e\u0434\u0430\u0436\u0430\u043c"},"content":{"rendered":"<div data-elementor-type=\"wp-page\" data-elementor-id=\"2498\" class=\"elementor elementor-2498\" data-elementor-post-type=\"page\">\n\t\t\t\t<div class=\"elementor-element elementor-element-fcef5e9 e-con-full e-flex lakit-col-width-auto-no e-container e-root-container elementor-top-section e-con e-parent\" data-id=\"fcef5e9\" data-element_type=\"container\" data-settings=\"{&quot;background_background&quot;:&quot;classic&quot;}\">\n\t\t\t\t<div class=\"elementor-element elementor-element-5e6f74d elementor-widget elementor-widget-heading\" data-id=\"5e6f74d\" data-element_type=\"widget\" data-widget_type=\"heading.default\">\n\t\t\t\t<div class=\"elementor-widget-container\">\n\t\t\t<style>\/*! elementor - v3.23.0 - 05-08-2024 *\/\n.elementor-heading-title{padding:0;margin:0;line-height:1}.elementor-widget-heading .elementor-heading-title[class*=elementor-size-]>a{color:inherit;font-size:inherit;line-height:inherit}.elementor-widget-heading .elementor-heading-title.elementor-size-small{font-size:15px}.elementor-widget-heading .elementor-heading-title.elementor-size-medium{font-size:19px}.elementor-widget-heading .elementor-heading-title.elementor-size-large{font-size:29px}.elementor-widget-heading .elementor-heading-title.elementor-size-xl{font-size:39px}.elementor-widget-heading .elementor-heading-title.elementor-size-xxl{font-size:59px}<\/style><div class=\"elementor-heading-title elementor-size-default\">\u0423\u0441\u043b\u0443\u0433\u0438 \u043f\u043e \u043f\u0440\u043e\u0434\u0430\u0436\u0430\u043c<\/div>\t\t<\/div>\n\t\t\t\t<\/div>\n\t\t\t\t<\/div>\n\t\t<div class=\"elementor-element elementor-element-563d8fe e-flex e-con-boxed lakit-col-width-auto-no e-container e-root-container elementor-top-section e-con e-parent\" data-id=\"563d8fe\" data-element_type=\"container\">\n\t\t\t\t\t<div class=\"e-con-inner\">\n\t\t<div class=\"elementor-element elementor-element-fbaee2a e-con-full e-flex lakit-col-width-auto-no e-container e-con e-child\" data-id=\"fbaee2a\" data-element_type=\"container\" data-settings=\"{&quot;background_background&quot;:&quot;classic&quot;}\">\n\t\t\t\t<div class=\"elementor-element elementor-element-b5bbe0f elementor-icon-list--layout-traditional elementor-list-item-link-full_width elementor-widget elementor-widget-icon-list\" data-id=\"b5bbe0f\" data-element_type=\"widget\" data-widget_type=\"icon-list.default\">\n\t\t\t\t<div class=\"elementor-widget-container\">\n\t\t\t<link rel=\"stylesheet\" href=\"https:\/\/cigdememlak.com\/wp-content\/uploads\/elementor\/css\/custom-widget-icon-list.min.css?ver=1725311841\">\t\t<ul class=\"elementor-icon-list-items\">\n\t\t\t\t\t\t\t<li class=\"elementor-icon-list-item\">\n\t\t\t\t\t\t\t\t\t\t\t<span class=\"elementor-icon-list-icon\">\n\t\t\t\t\t\t\t<svg xmlns=\"http:\/\/www.w3.org\/2000\/svg\" width=\"1024\" height=\"1024\" viewbox=\"0 0 1024 1024\" class=\"lakit-font-icon-svg\" data-icon-name=\"media-1_button-play\" data-icon-type=\"dlicon\"><path d=\"M224 960c6.4 0 12.8-3.2 19.2-6.4l576-416c9.6-6.4 12.8-16 12.8-25.6s-6.4-19.2-12.8-25.6l-576-416c-9.6-6.4-22.4-9.6-35.2-3.2-9.6 6.4-16 16-16 28.8v832c0 12.8 6.4 22.4 16 28.8 6.4 3.2 9.6 3.2 16 3.2zm32-800l489.6 352L256 864V160z\" fill=\"currentColor\"\/><\/svg>\t\t\t\t\t\t<\/span>\n\t\t\t\t\t\t\t\t\t\t<span class=\"elementor-icon-list-text\">\u0420\u0430\u0437\u0440\u0430\u0431\u043e\u0442\u043a\u0430 \u043f\u0440\u043e\u0435\u043a\u0442\u0430<\/span>\n\t\t\t\t\t\t\t\t\t<\/li>\n\t\t\t\t\t\t<\/ul>\n\t\t\t\t<\/div>\n\t\t\t\t<\/div>\n\t\t\t\t<div class=\"elementor-element elementor-element-751652e elementor-icon-list--layout-traditional elementor-list-item-link-full_width elementor-widget elementor-widget-icon-list\" data-id=\"751652e\" data-element_type=\"widget\" data-widget_type=\"icon-list.default\">\n\t\t\t\t<div class=\"elementor-widget-container\">\n\t\t\t\t\t<ul class=\"elementor-icon-list-items\">\n\t\t\t\t\t\t\t<li class=\"elementor-icon-list-item\">\n\t\t\t\t\t\t\t\t\t\t\t<span class=\"elementor-icon-list-icon\">\n\t\t\t\t\t\t\t<svg xmlns=\"http:\/\/www.w3.org\/2000\/svg\" width=\"1024\" height=\"1024\" viewbox=\"0 0 1024 1024\" class=\"lakit-font-icon-svg\" data-icon-name=\"media-1_button-play\" data-icon-type=\"dlicon\"><path d=\"M224 960c6.4 0 12.8-3.2 19.2-6.4l576-416c9.6-6.4 12.8-16 12.8-25.6s-6.4-19.2-12.8-25.6l-576-416c-9.6-6.4-22.4-9.6-35.2-3.2-9.6 6.4-16 16-16 28.8v832c0 12.8 6.4 22.4 16 28.8 6.4 3.2 9.6 3.2 16 3.2zm32-800l489.6 352L256 864V160z\" fill=\"currentColor\"\/><\/svg>\t\t\t\t\t\t<\/span>\n\t\t\t\t\t\t\t\t\t\t<span class=\"elementor-icon-list-text\">\u0420\u0430\u0437\u0432\u0438\u0442\u0438\u0435 \u043a\u043e\u043d\u0446\u0435\u043f\u0446\u0438\u0438<\/span>\n\t\t\t\t\t\t\t\t\t<\/li>\n\t\t\t\t\t\t<\/ul>\n\t\t\t\t<\/div>\n\t\t\t\t<\/div>\n\t\t\t\t<div class=\"elementor-element elementor-element-c1cdc00 elementor-icon-list--layout-traditional elementor-list-item-link-full_width elementor-widget elementor-widget-icon-list\" data-id=\"c1cdc00\" data-element_type=\"widget\" data-widget_type=\"icon-list.default\">\n\t\t\t\t<div class=\"elementor-widget-container\">\n\t\t\t\t\t<ul class=\"elementor-icon-list-items\">\n\t\t\t\t\t\t\t<li class=\"elementor-icon-list-item\">\n\t\t\t\t\t\t\t\t\t\t\t<span class=\"elementor-icon-list-icon\">\n\t\t\t\t\t\t\t<svg xmlns=\"http:\/\/www.w3.org\/2000\/svg\" width=\"1024\" height=\"1024\" viewbox=\"0 0 1024 1024\" class=\"lakit-font-icon-svg\" data-icon-name=\"media-1_button-play\" data-icon-type=\"dlicon\"><path d=\"M224 960c6.4 0 12.8-3.2 19.2-6.4l576-416c9.6-6.4 12.8-16 12.8-25.6s-6.4-19.2-12.8-25.6l-576-416c-9.6-6.4-22.4-9.6-35.2-3.2-9.6 6.4-16 16-16 28.8v832c0 12.8 6.4 22.4 16 28.8 6.4 3.2 9.6 3.2 16 3.2zm32-800l489.6 352L256 864V160z\" fill=\"currentColor\"\/><\/svg>\t\t\t\t\t\t<\/span>\n\t\t\t\t\t\t\t\t\t\t<span class=\"elementor-icon-list-text\">\u0423\u0441\u043b\u0443\u0433\u0438 \u043f\u043e \u043f\u0440\u043e\u0434\u0430\u0436\u0430\u043c<\/span>\n\t\t\t\t\t\t\t\t\t<\/li>\n\t\t\t\t\t\t<\/ul>\n\t\t\t\t<\/div>\n\t\t\t\t<\/div>\n\t\t\t\t<div class=\"elementor-element elementor-element-0ab5ee6 elementor-icon-list--layout-traditional elementor-list-item-link-full_width elementor-widget elementor-widget-icon-list\" data-id=\"0ab5ee6\" data-element_type=\"widget\" data-widget_type=\"icon-list.default\">\n\t\t\t\t<div class=\"elementor-widget-container\">\n\t\t\t\t\t<ul class=\"elementor-icon-list-items\">\n\t\t\t\t\t\t\t<li class=\"elementor-icon-list-item\">\n\t\t\t\t\t\t\t\t\t\t\t<span class=\"elementor-icon-list-icon\">\n\t\t\t\t\t\t\t<svg xmlns=\"http:\/\/www.w3.org\/2000\/svg\" width=\"1024\" height=\"1024\" viewbox=\"0 0 1024 1024\" class=\"lakit-font-icon-svg\" data-icon-name=\"media-1_button-play\" data-icon-type=\"dlicon\"><path d=\"M224 960c6.4 0 12.8-3.2 19.2-6.4l576-416c9.6-6.4 12.8-16 12.8-25.6s-6.4-19.2-12.8-25.6l-576-416c-9.6-6.4-22.4-9.6-35.2-3.2-9.6 6.4-16 16-16 28.8v832c0 12.8 6.4 22.4 16 28.8 6.4 3.2 9.6 3.2 16 3.2zm32-800l489.6 352L256 864V160z\" fill=\"currentColor\"\/><\/svg>\t\t\t\t\t\t<\/span>\n\t\t\t\t\t\t\t\t\t\t<span class=\"elementor-icon-list-text\">\u041c\u0430\u0440\u043a\u0435\u0442\u0438\u043d\u0433 \u0438 \u0440\u0435\u043a\u043b\u0430\u043c\u0430<\/span>\n\t\t\t\t\t\t\t\t\t<\/li>\n\t\t\t\t\t\t<\/ul>\n\t\t\t\t<\/div>\n\t\t\t\t<\/div>\n\t\t\t\t<div class=\"elementor-element elementor-element-299e4d4 elementor-icon-list--layout-traditional elementor-list-item-link-full_width elementor-widget elementor-widget-icon-list\" data-id=\"299e4d4\" data-element_type=\"widget\" data-widget_type=\"icon-list.default\">\n\t\t\t\t<div class=\"elementor-widget-container\">\n\t\t\t\t\t<ul class=\"elementor-icon-list-items\">\n\t\t\t\t\t\t\t<li class=\"elementor-icon-list-item\">\n\t\t\t\t\t\t\t\t\t\t\t<span class=\"elementor-icon-list-icon\">\n\t\t\t\t\t\t\t<svg xmlns=\"http:\/\/www.w3.org\/2000\/svg\" width=\"1024\" height=\"1024\" viewbox=\"0 0 1024 1024\" class=\"lakit-font-icon-svg\" data-icon-name=\"media-1_button-play\" data-icon-type=\"dlicon\"><path d=\"M224 960c6.4 0 12.8-3.2 19.2-6.4l576-416c9.6-6.4 12.8-16 12.8-25.6s-6.4-19.2-12.8-25.6l-576-416c-9.6-6.4-22.4-9.6-35.2-3.2-9.6 6.4-16 16-16 28.8v832c0 12.8 6.4 22.4 16 28.8 6.4 3.2 9.6 3.2 16 3.2zm32-800l489.6 352L256 864V160z\" fill=\"currentColor\"\/><\/svg>\t\t\t\t\t\t<\/span>\n\t\t\t\t\t\t\t\t\t\t<span class=\"elementor-icon-list-text\">\u042e\u0440\u0438\u0434\u0438\u0447\u0435\u0441\u043a\u0430\u044f \u043a\u043e\u043d\u0441\u0443\u043b\u044c\u0442\u0430\u0446\u0438\u044f<\/span>\n\t\t\t\t\t\t\t\t\t<\/li>\n\t\t\t\t\t\t<\/ul>\n\t\t\t\t<\/div>\n\t\t\t\t<\/div>\n\t\t\t\t<\/div>\n\t\t<div class=\"elementor-element elementor-element-2dbff68 e-con-full e-flex lakit-col-width-auto-no e-container e-con e-child\" data-id=\"2dbff68\" data-element_type=\"container\" data-settings=\"{&quot;background_background&quot;:&quot;classic&quot;}\">\n\t\t\t\t<div class=\"elementor-element elementor-element-6b60613 elementor-widget elementor-widget-heading\" data-id=\"6b60613\" data-element_type=\"widget\" data-widget_type=\"heading.default\">\n\t\t\t\t<div class=\"elementor-widget-container\">\n\t\t\t<h2 class=\"elementor-heading-title elementor-size-default\">\u0423\u0441\u043b\u0443\u0433\u0438 \u043f\u043e \u043f\u0440\u043e\u0434\u0430\u0436\u0430\u043c<\/h2>\t\t<\/div>\n\t\t\t\t<\/div>\n\t\t\t\t<div class=\"elementor-element elementor-element-93d010e elementor-widget elementor-widget-text-editor\" data-id=\"93d010e\" data-element_type=\"widget\" data-widget_type=\"text-editor.default\">\n\t\t\t\t<div class=\"elementor-widget-container\">\n\t\t\t<style>\/*! elementor - v3.23.0 - 05-08-2024 *\/\n.elementor-widget-text-editor.elementor-drop-cap-view-stacked .elementor-drop-cap{background-color:#69727d;color:#fff}.elementor-widget-text-editor.elementor-drop-cap-view-framed .elementor-drop-cap{color:#69727d;border:3px solid;background-color:transparent}.elementor-widget-text-editor:not(.elementor-drop-cap-view-default) .elementor-drop-cap{margin-top:8px}.elementor-widget-text-editor:not(.elementor-drop-cap-view-default) .elementor-drop-cap-letter{width:1em;height:1em}.elementor-widget-text-editor .elementor-drop-cap{float:left;text-align:center;line-height:1;font-size:50px}.elementor-widget-text-editor .elementor-drop-cap-letter{display:inline-block}<\/style>\t\t\t\t<div class=\"flex flex-grow flex-col max-w-full\"><div class=\"min-h-[20px] text-message flex flex-col items-start whitespace-pre-wrap break-words [.text-message+&amp;]:mt-5 juice:w-full juice:items-end overflow-x-auto gap-2\" dir=\"auto\" data-message-author-role=\"assistant\" data-message-id=\"9daee09c-fb34-4ed3-99c6-8c10698c3413\"><div class=\"flex w-full flex-col gap-1 juice:empty:hidden juice:first:pt-[3px]\"><div class=\"markdown prose w-full break-words dark:prose-invert dark\"><p>\u0412 \u043f\u0440\u043e\u0435\u043a\u0442\u0430\u0445 \u0440\u0430\u0437\u0432\u0438\u0442\u0438\u044f \u043d\u0435\u0434\u0432\u0438\u0436\u0438\u043c\u043e\u0441\u0442\u0438 \u0435\u0441\u0442\u044c \u0434\u0432\u0430 \u0432\u0430\u0436\u043d\u044b\u0445 \u043a\u0440\u0438\u0442\u0435\u0440\u0438\u044f: \u0440\u0430\u0437\u0440\u0430\u0431\u043e\u0442\u043a\u0430 \u043f\u0440\u043e\u0435\u043a\u0442\u0430, \u043a\u043e\u0442\u043e\u0440\u044b\u0439 \u043e\u0431\u0435\u0441\u043f\u0435\u0447\u0438\u0442 \u043c\u0430\u043a\u0441\u0438\u043c\u0430\u043b\u044c\u043d\u0443\u044e \u0432\u044b\u0433\u043e\u0434\u0443 \u0432 \u0440\u0430\u0439\u043e\u043d\u0435, \u0433\u0434\u0435 \u043f\u0440\u043e\u0435\u043a\u0442 \u0431\u0443\u0434\u0435\u0442 \u0440\u0435\u0430\u043b\u0438\u0437\u043e\u0432\u0430\u043d, \u0438 \u043e\u043f\u0440\u0435\u0434\u0435\u043b\u0435\u043d\u0438\u0435 \u043a\u043e\u043d\u0446\u0435\u043f\u0446\u0438\u0438, \u043a\u043e\u0442\u043e\u0440\u0430\u044f \u043d\u0430\u043f\u0440\u044f\u043c\u0443\u044e \u0432\u043b\u0438\u044f\u0435\u0442 \u043d\u0430 \u043f\u0440\u043e\u0434\u0430\u0436\u0438 \u043f\u0440\u043e\u0435\u043a\u0442\u0430. \u041a\u0430\u043a \u0427\u0438\u0433\u0434\u0435\u043c \u0413\u0430\u0439\u0440\u0438\u043c\u0435\u043d\u043a\u0443\u043b, \u043c\u044b \u043f\u0440\u043e\u0432\u043e\u0434\u0438\u043c \u0442\u043e\u0447\u043d\u044b\u0439 \u0430\u043d\u0430\u043b\u0438\u0437 \u0432\u0441\u0435\u0445 \u044d\u0442\u0438\u0445 \u043f\u0440\u043e\u0446\u0435\u0441\u0441\u043e\u0432 \u0438 \u0441\u043e\u0437\u0434\u0430\u0435\u043c \u043d\u0430\u0438\u0431\u043e\u043b\u0435\u0435 \u044d\u0444\u0444\u0435\u043a\u0442\u0438\u0432\u043d\u0443\u044e \u0438 \u043f\u0440\u0435\u0434\u043f\u043e\u0447\u0442\u0438\u0442\u0435\u043b\u044c\u043d\u0443\u044e \u043a\u043e\u043d\u0446\u0435\u043f\u0446\u0438\u044e \u0436\u0438\u043b\u043e\u0433\u043e \u043f\u0440\u043e\u0441\u0442\u0440\u0430\u043d\u0441\u0442\u0432\u0430 \u0432 \u0441\u043e\u043e\u0442\u0432\u0435\u0442\u0441\u0442\u0432\u0438\u0438 \u0441 \u043f\u043e\u043b\u0443\u0447\u0435\u043d\u043d\u043e\u0439 \u0438\u043d\u0444\u043e\u0440\u043c\u0430\u0446\u0438\u0435\u0439. \u041d\u0430\u0448\u0430 \u0446\u0435\u043b\u044c \u2014 \u0443\u0441\u0438\u043b\u0438\u0442\u044c \u043f\u0440\u043e\u0446\u0435\u0441\u0441 \u043f\u0440\u043e\u0434\u0430\u0436 \u043f\u0443\u0442\u0435\u043c \u043e\u043f\u0440\u0435\u0434\u0435\u043b\u0435\u043d\u0438\u044f \u043d\u0430\u0438\u0431\u043e\u043b\u0435\u0435 \u043f\u043e\u0434\u0445\u043e\u0434\u044f\u0449\u0435\u0439 \u043a\u043e\u043d\u0446\u0435\u043f\u0446\u0438\u0438 \u043f\u0440\u043e\u0435\u043a\u0442\u0430, \u0440\u0430\u0437\u0440\u0430\u0431\u043e\u0442\u0430\u043d\u043d\u043e\u0439 \u043f\u043e\u0441\u0440\u0435\u0434\u0441\u0442\u0432\u043e\u043c \u0442\u043e\u0447\u043d\u043e\u0433\u043e \u0430\u043d\u0430\u043b\u0438\u0437\u0430 \u043f\u0440\u043e\u0434\u0443\u043a\u0442\u0430. \u041c\u044b \u043e\u0431\u0435\u0441\u043f\u0435\u0447\u0438\u0432\u0430\u0435\u043c \u0443\u0441\u043f\u0435\u0445 \u043d\u0430\u0448\u0438\u0445 \u043f\u0440\u043e\u0435\u043a\u0442\u043e\u0432, \u0443\u0434\u0435\u043b\u044f\u044f \u043f\u0440\u0438\u043e\u0440\u0438\u0442\u0435\u0442\u043d\u043e\u0435 \u0432\u043d\u0438\u043c\u0430\u043d\u0438\u0435 \u0443\u0434\u043e\u0432\u043b\u0435\u0442\u0432\u043e\u0440\u0435\u043d\u0438\u044e \u043f\u043e\u0442\u0440\u0435\u0431\u043d\u043e\u0441\u0442\u0435\u0439 \u043a\u043b\u0438\u0435\u043d\u0442\u043e\u0432 \u043d\u0430 \u043a\u0430\u0436\u0434\u043e\u043c \u044d\u0442\u0430\u043f\u0435.<\/p><\/div><\/div><\/div><\/div>\t\t\t\t\t\t<\/div>\n\t\t\t\t<\/div>\n\t\t\t\t<\/div>\n\t\t\t\t\t<\/div>\n\t\t\t\t<\/div>\n\t\t\t\t<\/div>","protected":false},"excerpt":{"rendered":"<p>Sat\u0131\u015f Hizmetleri Proje Geli\u015ftirme Konsept Geli\u015ftirme Sat\u0131\u015f Hizmetleri Pazarlama ve Reklam Hukuksal Dan\u0131\u015fmanl\u0131k Hizmeti Sat\u0131\u015f Hizmetleri Gayrimenkul geli\u015ftirme projelerinde iki \u00f6nemli kriter vard\u0131r: Projenin yap\u0131laca\u011f\u0131 alanda maksimum fayda sa\u011flayacak projeyi geli\u015ftirmek ve projenin sat\u0131\u015f\u0131n\u0131 do\u011frudan etkileyen konsepti belirlemek. \u00c7i\u011fdem Gayrimenkul olarak, t\u00fcm bu s\u00fcre\u00e7leri kapsayan do\u011fru analizleri yapar ve elde edilen&hellip;<\/p>","protected":false},"author":1,"featured_media":0,"parent":0,"menu_order":0,"comment_status":"closed","ping_status":"closed","template":"","meta":{"_acf_changed":false,"footnotes":""},"class_list":["post-2498","page","type-page","status-publish","hentry"],"acf":[],"_links":{"self":[{"href":"https:\/\/cigdememlak.com\/ru\/wp-json\/wp\/v2\/pages\/2498","targetHints":{"allow":["GET"]}}],"collection":[{"href":"https:\/\/cigdememlak.com\/ru\/wp-json\/wp\/v2\/pages"}],"about":[{"href":"https:\/\/cigdememlak.com\/ru\/wp-json\/wp\/v2\/types\/page"}],"author":[{"embeddable":true,"href":"https:\/\/cigdememlak.com\/ru\/wp-json\/wp\/v2\/users\/1"}],"replies":[{"embeddable":true,"href":"https:\/\/cigdememlak.com\/ru\/wp-json\/wp\/v2\/comments?post=2498"}],"version-history":[{"count":4,"href":"https:\/\/cigdememlak.com\/ru\/wp-json\/wp\/v2\/pages\/2498\/revisions"}],"predecessor-version":[{"id":2502,"href":"https:\/\/cigdememlak.com\/ru\/wp-json\/wp\/v2\/pages\/2498\/revisions\/2502"}],"wp:attachment":[{"href":"https:\/\/cigdememlak.com\/ru\/wp-json\/wp\/v2\/media?parent=2498"}],"curies":[{"name":"wp","href":"https:\/\/api.w.org\/{rel}","templated":true}]}}