{"id":46,"date":"2023-08-14T17:45:27","date_gmt":"2023-08-14T10:45:27","guid":{"rendered":"https:\/\/helen.la-studioweb.com\/?page_id=46"},"modified":"2024-07-17T11:35:39","modified_gmt":"2024-07-17T08:35:39","slug":"iletisim","status":"publish","type":"page","link":"https:\/\/cigdememlak.com\/en\/iletisim\/","title":{"rendered":"Communication"},"content":{"rendered":"<div data-elementor-type=\"wp-page\" data-elementor-id=\"46\" class=\"elementor elementor-46\" data-elementor-post-type=\"page\">\n\t\t\t\t<div class=\"elementor-element elementor-element-21a5aad e-flex e-con-boxed lakit-col-width-auto-no e-container e-root-container elementor-top-section e-con e-parent\" data-id=\"21a5aad\" data-element_type=\"container\" data-settings=\"{&quot;background_background&quot;:&quot;classic&quot;}\">\n\t\t\t\t\t<div class=\"e-con-inner\">\n\t\t<div class=\"elementor-element elementor-element-cbe4baa e-con-full e-flex lakit-col-width-auto-no e-container e-con e-child\" data-id=\"cbe4baa\" data-element_type=\"container\">\n\t\t\t\t<div class=\"elementor-element elementor-element-e515021 elementor-widget elementor-widget-heading\" data-id=\"e515021\" data-element_type=\"widget\" data-widget_type=\"heading.default\">\n\t\t\t\t<div class=\"elementor-widget-container\">\n\t\t\t<style>\/*! elementor - v3.23.0 - 05-08-2024 *\/\n.elementor-heading-title{padding:0;margin:0;line-height:1}.elementor-widget-heading .elementor-heading-title[class*=elementor-size-]>a{color:inherit;font-size:inherit;line-height:inherit}.elementor-widget-heading .elementor-heading-title.elementor-size-small{font-size:15px}.elementor-widget-heading .elementor-heading-title.elementor-size-medium{font-size:19px}.elementor-widget-heading .elementor-heading-title.elementor-size-large{font-size:29px}.elementor-widget-heading .elementor-heading-title.elementor-size-xl{font-size:39px}.elementor-widget-heading .elementor-heading-title.elementor-size-xxl{font-size:59px}<\/style><h1 class=\"elementor-heading-title elementor-size-default\">COMMUNICATION<\/h1>\t\t<\/div>\n\t\t\t\t<\/div>\n\t\t\t\t<div class=\"elementor-element elementor-element-d45c4bf elementor-widget__width-initial elementor-widget-laptop__width-initial elementor-absolute elementor-hidden-mobile elementor-widget elementor-widget-image\" data-id=\"d45c4bf\" data-element_type=\"widget\" data-settings=\"{&quot;_position&quot;:&quot;absolute&quot;}\" data-widget_type=\"image.default\">\n\t\t\t\t<div class=\"elementor-widget-container\">\n\t\t\t<style>\/*! elementor - v3.23.0 - 05-08-2024 *\/\n.elementor-widget-image{text-align:center}.elementor-widget-image a{display:inline-block}.elementor-widget-image a img[src$=\".svg\"]{width:48px}.elementor-widget-image img{vertical-align:middle;display:inline-block}<\/style>\t\t\t\t\t\t\t\t\t\t<img decoding=\"async\" width=\"167\" height=\"167\" src=\"https:\/\/cigdememlak.com\/wp-content\/uploads\/2024\/05\/helen-contact-bg-b.png\" class=\"attachment-full size-full wp-image-2089\" alt=\"\" \/>\t\t\t\t\t\t\t\t\t\t\t\t\t<\/div>\n\t\t\t\t<\/div>\n\t\t\t\t<\/div>\n\t\t<div class=\"elementor-element elementor-element-c1ef05e e-con-full e-flex lakit-col-width-auto-no e-container e-con e-child\" data-id=\"c1ef05e\" data-element_type=\"container\">\n\t\t\t\t<div class=\"elementor-element elementor-element-c2a92ba lakit-breadcrumbs-align-right lakit-breadcrumbs-align-mobile-center elementor-widget lastudio-kit elementor-lakit-breadcrumbs\" data-id=\"c2a92ba\" data-element_type=\"widget\" data-widget_type=\"lakit-breadcrumbs.default\">\n\t\t\t\t<div class=\"elementor-widget-container\">\n\t\t\t<style>.lakit-breadcrumbs{display:flex;flex-direction:column}.lakit-breadcrumbs-page-title-yes.lakit-breadcrumbs-align-justify .lakit-breadcrumbs{flex-direction:row;justify-content:space-between;align-items:center}.lakit-breadcrumbs-page-title-yes.lakit-breadcrumbs-align-justify .lakit-breadcrumbs__content,.lakit-breadcrumbs-page-title-yes.lakit-breadcrumbs-align-justify .lakit-breadcrumbs__title{flex-grow:0}@media (max-width:1024px){.lakit-breadcrumbs-page-title-yes.lakit-breadcrumbs-align-tablet-justify .lakit-breadcrumbs{flex-direction:row;justify-content:space-between;align-items:center}.lakit-breadcrumbs-page-title-yes.lakit-breadcrumbs-align-tablet-justify .lakit-breadcrumbs__content,.lakit-breadcrumbs-page-title-yes.lakit-breadcrumbs-align-tablet-justify .lakit-breadcrumbs__title{flex-grow:0}.lakit-breadcrumbs-page-title-yes.lakit-breadcrumbs-align-tablet-center .lakit-breadcrumbs,.lakit-breadcrumbs-page-title-yes.lakit-breadcrumbs-align-tablet-left .lakit-breadcrumbs,.lakit-breadcrumbs-page-title-yes.lakit-breadcrumbs-align-tablet-right .lakit-breadcrumbs{flex-direction:column;justify-content:flex-start;align-items:stretch}.lakit-breadcrumbs-page-title-yes.lakit-breadcrumbs-align-tablet-center .lakit-breadcrumbs__content,.lakit-breadcrumbs-page-title-yes.lakit-breadcrumbs-align-tablet-center .lakit-breadcrumbs__title,.lakit-breadcrumbs-page-title-yes.lakit-breadcrumbs-align-tablet-left .lakit-breadcrumbs__content,.lakit-breadcrumbs-page-title-yes.lakit-breadcrumbs-align-tablet-left .lakit-breadcrumbs__title,.lakit-breadcrumbs-page-title-yes.lakit-breadcrumbs-align-tablet-right .lakit-breadcrumbs__content,.lakit-breadcrumbs-page-title-yes.lakit-breadcrumbs-align-tablet-right .lakit-breadcrumbs__title{flex-grow:1}}@media (max-width:767px){.lakit-breadcrumbs-page-title-yes.lakit-breadcrumbs-align-mobile-justify .lakit-breadcrumbs{flex-direction:row;justify-content:space-between;align-items:center}.lakit-breadcrumbs-page-title-yes.lakit-breadcrumbs-align-mobile-justify .lakit-breadcrumbs__content,.lakit-breadcrumbs-page-title-yes.lakit-breadcrumbs-align-mobile-justify .lakit-breadcrumbs__title{flex-grow:0}.lakit-breadcrumbs-page-title-yes.lakit-breadcrumbs-align-mobile-center .lakit-breadcrumbs,.lakit-breadcrumbs-page-title-yes.lakit-breadcrumbs-align-mobile-left .lakit-breadcrumbs,.lakit-breadcrumbs-page-title-yes.lakit-breadcrumbs-align-mobile-right .lakit-breadcrumbs{flex-direction:column;justify-content:flex-start;align-items:stretch}.lakit-breadcrumbs-page-title-yes.lakit-breadcrumbs-align-mobile-center .lakit-breadcrumbs__content,.lakit-breadcrumbs-page-title-yes.lakit-breadcrumbs-align-mobile-center .lakit-breadcrumbs__title,.lakit-breadcrumbs-page-title-yes.lakit-breadcrumbs-align-mobile-left .lakit-breadcrumbs__content,.lakit-breadcrumbs-page-title-yes.lakit-breadcrumbs-align-mobile-left .lakit-breadcrumbs__title,.lakit-breadcrumbs-page-title-yes.lakit-breadcrumbs-align-mobile-right .lakit-breadcrumbs__content,.lakit-breadcrumbs-page-title-yes.lakit-breadcrumbs-align-mobile-right .lakit-breadcrumbs__title{flex-grow:1}}.lakit-breadcrumbs__content,.lakit-breadcrumbs__title{flex-grow:1}.lakit-breadcrumbs__title{padding:0;margin:0;border:none;text-align:inherit}.lakit-breadcrumbs__content{font-size:0}.lakit-breadcrumbs__wrap{display:inline}.lakit-breadcrumbs__browse{margin-right:5px}.lakit-breadcrumbs__browse,.lakit-breadcrumbs__item{font-size:14px;display:inline-flex}.lakit-breadcrumbs__item-sep{margin-left:5px;margin-right:5px;font-size:.6em}.lakit-breadcrumbs__item-sep i{display:block;width:1em;height:1em;line-height:1;text-align:center}body.home .elementor-widget-lakit-breadcrumbs:not(.lakit-breadcrumbs-on-front-yes):not(.elementor-element-edit-mode){display:none}.lakit-breadcrumbs__item-sep svg{vertical-align:top}.lakit-breadcrumbs__item-sep>span{vertical-align:middle}<\/style>\n\t\t<div class=\"lakit-breadcrumbs\">\n\t\t<div class=\"lakit-breadcrumbs__content\">\n\t\t<div class=\"lakit-breadcrumbs__wrap\"><div class=\"lakit-breadcrumbs__item\"><a href=\"https:\/\/cigdememlak.com\/en\/\" class=\"lakit-breadcrumbs__item-link is-home\" rel=\"home\" title=\"Home page\">Home page<\/a><\/div>\n\t\t<\/div>\n\t\t<\/div>\n\t\t<\/div>\t\t<\/div>\n\t\t\t\t<\/div>\n\t\t\t\t<\/div>\n\t\t\t\t\t<\/div>\n\t\t\t\t<\/div>\n\t\t<div class=\"elementor-element elementor-element-6385ea9 e-flex e-con-boxed lakit-col-width-auto-no e-container e-root-container elementor-top-section e-con e-parent\" data-id=\"6385ea9\" data-element_type=\"container\">\n\t\t\t\t\t<div class=\"e-con-inner\">\n\t\t<div class=\"elementor-element elementor-element-fccec27 e-con-full e-flex lakit-col-width-auto-no e-container e-con e-child\" data-id=\"fccec27\" data-element_type=\"container\">\n\t\t\t\t<div class=\"elementor-element elementor-element-7564dcc elementor-widget elementor-widget-heading\" data-id=\"7564dcc\" data-element_type=\"widget\" data-widget_type=\"heading.default\">\n\t\t\t\t<div class=\"elementor-widget-container\">\n\t\t\t<h2 class=\"elementor-heading-title elementor-size-default\">Contact Us<\/h2>\t\t<\/div>\n\t\t\t\t<\/div>\n\t\t\t\t<div class=\"elementor-element elementor-element-8eb2e5e elementor-widget elementor-widget-text-editor\" data-id=\"8eb2e5e\" data-element_type=\"widget\" data-widget_type=\"text-editor.default\">\n\t\t\t\t<div class=\"elementor-widget-container\">\n\t\t\t<style>\/*! elementor - v3.23.0 - 05-08-2024 *\/\n.elementor-widget-text-editor.elementor-drop-cap-view-stacked .elementor-drop-cap{background-color:#69727d;color:#fff}.elementor-widget-text-editor.elementor-drop-cap-view-framed .elementor-drop-cap{color:#69727d;border:3px solid;background-color:transparent}.elementor-widget-text-editor:not(.elementor-drop-cap-view-default) .elementor-drop-cap{margin-top:8px}.elementor-widget-text-editor:not(.elementor-drop-cap-view-default) .elementor-drop-cap-letter{width:1em;height:1em}.elementor-widget-text-editor .elementor-drop-cap{float:left;text-align:center;line-height:1;font-size:50px}.elementor-widget-text-editor .elementor-drop-cap-letter{display:inline-block}<\/style>\t\t\t\t<p>As \u00c7i\u011fdem Emlak, we will be happy to assist you with all your questions and needs. You can contact us by filling out the form below and get feedback from our professional team as soon as possible.<\/p>\t\t\t\t\t\t<\/div>\n\t\t\t\t<\/div>\n\t\t\t\t<div class=\"elementor-element elementor-element-a6ce4cb elementor-widget lastudio-kit elementor-lakit-contactform7\" data-id=\"a6ce4cb\" data-element_type=\"widget\" data-widget_type=\"lakit-contactform7.default\">\n\t\t\t\t<div class=\"elementor-widget-container\">\n\t\t\t\n<div class=\"wpcf7 no-js\" id=\"wpcf7-f568-o1\" lang=\"en-US\" dir=\"ltr\">\n<div class=\"screen-reader-response\"><p role=\"status\" aria-live=\"polite\" aria-atomic=\"true\"><\/p> <ul><\/ul><\/div>\n<form action=\"\/en\/wp-json\/wp\/v2\/pages\/46#wpcf7-f568-o1\" method=\"post\" class=\"wpcf7-form init\" aria-label=\"Contact form\" novalidate=\"novalidate\" data-status=\"init\" data-trp-original-action=\"\/en\/wp-json\/wp\/v2\/pages\/46#wpcf7-f568-o1\">\n<div style=\"display: none;\">\n<input type=\"hidden\" name=\"_wpcf7\" value=\"568\" \/>\n<input type=\"hidden\" name=\"_wpcf7_version\" value=\"5.9.8\" \/>\n<input type=\"hidden\" name=\"_wpcf7_locale\" value=\"en_US\" \/>\n<input type=\"hidden\" name=\"_wpcf7_unit_tag\" value=\"wpcf7-f568-o1\" \/>\n<input type=\"hidden\" name=\"_wpcf7_container_post\" value=\"0\" \/>\n<input type=\"hidden\" name=\"_wpcf7_posted_data_hash\" value=\"\" \/>\n<\/div>\n<div class=\"lakit-row gap-20\">\n<div class=\"lakit-col\"><span class=\"wpcf7-form-control-wrap\" data-name=\"your-name\"><input size=\"40\" maxlength=\"400\" class=\"wpcf7-form-control wpcf7-text wpcf7-validates-as-required\" autocomplete=\"name\" aria-required=\"true\" aria-invalid=\"false\" placeholder=\"Your name\" value=\"\" type=\"text\" name=\"your-name\" \/><\/span><\/div>\n<div class=\"lakit-col\"><span class=\"wpcf7-form-control-wrap\" data-name=\"your-email\"><input size=\"40\" maxlength=\"400\" class=\"wpcf7-form-control wpcf7-email wpcf7-validates-as-required wpcf7-text wpcf7-validates-as-email\" autocomplete=\"email\" aria-required=\"true\" aria-invalid=\"false\" placeholder=\"Email\" value=\"\" type=\"email\" name=\"your-email\" \/><\/span><\/div>\n<\/div>\n<div class=\"lakit-row gap-20\">\n<div class=\"lakit-col\"><span class=\"wpcf7-form-control-wrap\" data-name=\"your-request\"><select class=\"wpcf7-form-control wpcf7-select wpcf7-validates-as-required\" aria-required=\"true\" aria-invalid=\"false\" name=\"your-request\"><option value=\"\">Choose<\/option><option value=\"M\u00fc\u015fteri Deste\u011fi\">Customer Support<\/option><option value=\"Emlak Deste\u011fi\">Real Estate Support<\/option><\/select><\/span><\/div>\n<div class=\"lakit-col\"><span class=\"wpcf7-form-control-wrap\" data-name=\"your-budget\"><input size=\"40\" maxlength=\"400\" class=\"wpcf7-form-control wpcf7-text wpcf7-validates-as-required\" aria-required=\"true\" aria-invalid=\"false\" placeholder=\"Topic title\" value=\"\" type=\"text\" name=\"your-budget\" \/><\/span><\/div>\n<\/div>\n<div class=\"lakit-row gap-20\">\n<div class=\"lakit-col\"><span class=\"wpcf7-form-control-wrap\" data-name=\"your-message\"><textarea cols=\"40\" rows=\"10\" maxlength=\"2000\" class=\"wpcf7-form-control wpcf7-textarea\" aria-invalid=\"false\" placeholder=\"Required Information\" name=\"your-message\"><\/textarea><\/span><\/div>\n<\/div>\n<div class=\"lakit-row gap-20\">\n<div class=\"lakit-col\"><input class=\"wpcf7-form-control wpcf7-submit has-spinner\" type=\"submit\" value=\"Send\" \/><\/div>\n<\/div><div class=\"wpcf7-response-output\" aria-hidden=\"true\"><\/div>\n<input type=\"hidden\" name=\"trp-form-language\" value=\"en\"\/><\/form>\n<\/div>\n\t\t<\/div>\n\t\t\t\t<\/div>\n\t\t\t\t<\/div>\n\t\t<div class=\"elementor-element elementor-element-50e4719 e-con-full e-flex lakit-col-width-auto-no e-container e-con e-child\" data-id=\"50e4719\" data-element_type=\"container\">\n\t\t\t\t<div class=\"elementor-element elementor-element-501772c elementor-widget elementor-widget-google_maps\" data-id=\"501772c\" data-element_type=\"widget\" data-widget_type=\"google_maps.default\">\n\t\t\t\t<div class=\"elementor-widget-container\">\n\t\t\t<style>\/*! elementor - v3.23.0 - 05-08-2024 *\/\n.elementor-widget-google_maps .elementor-widget-container{overflow:hidden}.elementor-widget-google_maps .elementor-custom-embed{line-height:0}.elementor-widget-google_maps iframe{height:300px}<\/style>\t\t<div class=\"elementor-custom-embed\">\n\t\t\t<iframe loading=\"lazy\"\n\t\t\t\t\tsrc=\"https:\/\/www.google.com\/maps\/embed\/v1\/place?key=AIzaSyCaUxuvI-I9pUpKWDs9K8CN5jBc_OcU22w&#038;q=%C3%87i%C4%9Fdem%20Emlak%20%20mesih%20pa%C5%9Fa&#038;zoom=10\"\n\t\t\t\t\ttitle=\"Cigdem Emlak mesih pasha\"\n\t\t\t\t\taria-label=\"Cigdem Emlak mesih pasha\"\n\t\t\t><\/iframe>\n\t\t<\/div>\n\t\t\t\t<\/div>\n\t\t\t\t<\/div>\n\t\t\t\t<\/div>\n\t\t\t\t\t<\/div>\n\t\t\t\t<\/div>\n\t\t<div class=\"elementor-element elementor-element-defd6ea e-flex e-con-boxed lakit-col-width-auto-no e-container e-root-container elementor-top-section e-con e-parent\" data-id=\"defd6ea\" data-element_type=\"container\">\n\t\t\t\t\t<div class=\"e-con-inner\">\n\t\t\t\t\t<\/div>\n\t\t\t\t<\/div>\n\t\t\t\t<\/div>","protected":false},"excerpt":{"rendered":"<p>\u0130LET\u0130\u015e\u0130M Anasayfa Bizimle \u0130leti\u015fime Ge\u00e7in \u00c7i\u011fdem Emlak olarak, her t\u00fcrl\u00fc sorunuz ve ihtiya\u00e7lar\u0131n\u0131z i\u00e7in size yard\u0131mc\u0131 olmaktan memnuniyet duyar\u0131z. A\u015fa\u011f\u0131daki formu doldurarak bizimle ileti\u015fime ge\u00e7ebilir, profesyonel ekibimizden en k\u0131sa s\u00fcrede geri d\u00f6n\u00fc\u015f alabilirsiniz. Se\u00e7inizM\u00fc\u015fteri Deste\u011fiEmlak Deste\u011fi<\/p>","protected":false},"author":1,"featured_media":0,"parent":0,"menu_order":0,"comment_status":"closed","ping_status":"closed","template":"","meta":{"_acf_changed":false,"footnotes":""},"class_list":["post-46","page","type-page","status-publish","hentry"],"acf":[],"_links":{"self":[{"href":"https:\/\/cigdememlak.com\/en\/wp-json\/wp\/v2\/pages\/46","targetHints":{"allow":["GET"]}}],"collection":[{"href":"https:\/\/cigdememlak.com\/en\/wp-json\/wp\/v2\/pages"}],"about":[{"href":"https:\/\/cigdememlak.com\/en\/wp-json\/wp\/v2\/types\/page"}],"author":[{"embeddable":true,"href":"https:\/\/cigdememlak.com\/en\/wp-json\/wp\/v2\/users\/1"}],"replies":[{"embeddable":true,"href":"https:\/\/cigdememlak.com\/en\/wp-json\/wp\/v2\/comments?post=46"}],"version-history":[{"count":14,"href":"https:\/\/cigdememlak.com\/en\/wp-json\/wp\/v2\/pages\/46\/revisions"}],"predecessor-version":[{"id":4799,"href":"https:\/\/cigdememlak.com\/en\/wp-json\/wp\/v2\/pages\/46\/revisions\/4799"}],"wp:attachment":[{"href":"https:\/\/cigdememlak.com\/en\/wp-json\/wp\/v2\/media?parent=46"}],"curies":[{"name":"wp","href":"https:\/\/api.w.org\/{rel}","templated":true}]}}