{"id":4383,"date":"2024-07-10T01:45:16","date_gmt":"2024-07-10T01:45:16","guid":{"rendered":"https:\/\/cigdememlak.com\/?page_id=4383"},"modified":"2024-07-10T02:27:49","modified_gmt":"2024-07-10T02:27:49","slug":"yonetim-paneli","status":"publish","type":"page","link":"https:\/\/cigdememlak.com\/en\/yonetim-paneli\/","title":{"rendered":"Management panel"},"content":{"rendered":"<div data-elementor-type=\"wp-page\" data-elementor-id=\"4383\" class=\"elementor elementor-4383\" data-elementor-post-type=\"page\">\n\t\t\t\t<div class=\"elementor-element elementor-element-ac5ff6c e-flex e-con-boxed lakit-col-width-auto-no e-container e-root-container elementor-top-section e-con e-parent\" data-id=\"ac5ff6c\" data-element_type=\"container\">\n\t\t\t\t\t<div class=\"e-con-inner\">\n\t\t<div class=\"elementor-element elementor-element-e0f12e3 e-con-full e-flex lakit-col-width-auto-no e-container e-con e-child\" data-id=\"e0f12e3\" data-element_type=\"container\">\n\t\t\t\t<div class=\"elementor-element elementor-element-58d2a5d elementor-icon-list--layout-traditional elementor-list-item-link-full_width elementor-widget elementor-widget-icon-list\" data-id=\"58d2a5d\" data-element_type=\"widget\" data-widget_type=\"icon-list.default\">\n\t\t\t\t<div class=\"elementor-widget-container\">\n\t\t\t<link rel=\"stylesheet\" href=\"https:\/\/cigdememlak.com\/wp-content\/uploads\/elementor\/css\/custom-widget-icon-list.min.css?ver=1725311841\">\t\t<ul class=\"elementor-icon-list-items\">\n\t\t\t\t\t\t\t<li class=\"elementor-icon-list-item\">\n\t\t\t\t\t\t\t\t\t\t\t<a href=\"https:\/\/cigdememlak.com\/en\/ilan-ekle\/\">\n\n\t\t\t\t\t\t\t\t\t\t\t\t<span class=\"elementor-icon-list-icon\">\n\t\t\t\t\t\t\t<svg xmlns=\"http:\/\/www.w3.org\/2000\/svg\" width=\"1024\" height=\"1024\" viewbox=\"0 0 1024 1024\" class=\"lakit-font-icon-svg\" data-icon-name=\"location_pin-add\" data-icon-type=\"dlicon\"><path d=\"M512 992c9.6 0 16-3.2 22.4-9.6 16-16 361.6-368 361.6-598.4C896 144 700.8 0 512 0S128 144 128 384c0 227.2 345.6 582.4 361.6 598.4 6.4 6.4 12.8 9.6 22.4 9.6zm0-928c156.8 0 320 121.6 320 320 0 172.8-243.2 444.8-320 528-76.8-80-320-355.2-320-528 0-198.4 163.2-320 320-320zm32 448v-96h96c19.2 0 32-12.8 32-32s-12.8-32-32-32h-96v-96c0-19.2-12.8-32-32-32s-32 12.8-32 32v96h-96c-19.2 0-32 12.8-32 32s12.8 32 32 32h96v96c0 19.2 12.8 32 32 32s32-12.8 32-32z\" fill=\"currentColor\"\/><\/svg>\t\t\t\t\t\t<\/span>\n\t\t\t\t\t\t\t\t\t\t<span class=\"elementor-icon-list-text\">Add New Ad<\/span>\n\t\t\t\t\t\t\t\t\t\t\t<\/a>\n\t\t\t\t\t\t\t\t\t<\/li>\n\t\t\t\t\t\t\t\t<li class=\"elementor-icon-list-item\">\n\t\t\t\t\t\t\t\t\t\t\t<a href=\"https:\/\/cigdememlak.com\/en\/tum-ilanlar\/\">\n\n\t\t\t\t\t\t\t\t\t\t\t\t<span class=\"elementor-icon-list-icon\">\n\t\t\t\t\t\t\t<svg xmlns=\"http:\/\/www.w3.org\/2000\/svg\" width=\"1024\" height=\"1024\" viewbox=\"0 0 1024 1024\" class=\"lakit-font-icon-svg\" data-icon-name=\"users-2_home\" data-icon-type=\"dlicon\"><path d=\"M1007.072 291.776L512 27.744 16.928 291.776l30.144 56.448L512 100.256l464.928 247.968zM192 920.256V1024h640V920.704c0-71.552-46.176-133.28-114.912-153.6-140.8-41.664-273.632-40.864-410.432-.384C238.048 787.072 192 848.736 192 920.256zm506.944-91.744C740.256 840.704 768 877.792 768 920.704V960H256v-39.744c0-42.944 27.648-79.936 68.8-92.128 124.992-36.96 245.088-37.792 374.144.384zM704 448c0-105.888-86.112-192-192-192s-192 86.112-192 192c0 103.584 83.872 224 192 224s192-120.416 192-224zm-320 0c0-70.592 57.408-128 128-128s128 57.408 128 128c0 72-59.072 160-128 160s-128-88-128-160z\" fill=\"currentColor\"\/><\/svg>\t\t\t\t\t\t<\/span>\n\t\t\t\t\t\t\t\t\t\t<span class=\"elementor-icon-list-text\">View Ads (Edit\/Delete)<\/span>\n\t\t\t\t\t\t\t\t\t\t\t<\/a>\n\t\t\t\t\t\t\t\t\t<\/li>\n\t\t\t\t\t\t\t\t<li class=\"elementor-icon-list-item\">\n\t\t\t\t\t\t\t\t\t\t\t<a href=\"https:\/\/cigdememlak.com\/en\/yazi-ekle\/\">\n\n\t\t\t\t\t\t\t\t\t\t\t\t<span class=\"elementor-icon-list-icon\">\n\t\t\t\t\t\t\t<svg xmlns=\"http:\/\/www.w3.org\/2000\/svg\" width=\"1024\" height=\"1024\" viewbox=\"0 0 1024 1024\" class=\"lakit-font-icon-svg\" data-icon-name=\"ui-1_simple-add\" data-icon-type=\"dlicon\"><path d=\"M64 544h416v416c0 17.696 14.304 32 32 32s32-14.304 32-32V544h416c17.696 0 32-14.304 32-32s-14.304-32-32-32H544V64c0-17.696-14.304-32-32-32s-32 14.304-32 32v416H64c-17.696 0-32 14.304-32 32s14.304 32 32 32z\" fill=\"currentColor\"\/><\/svg>\t\t\t\t\t\t<\/span>\n\t\t\t\t\t\t\t\t\t\t<span class=\"elementor-icon-list-text\">Add Blog Post<\/span>\n\t\t\t\t\t\t\t\t\t\t\t<\/a>\n\t\t\t\t\t\t\t\t\t<\/li>\n\t\t\t\t\t\t\t\t<li class=\"elementor-icon-list-item\">\n\t\t\t\t\t\t\t\t\t\t\t<a href=\"https:\/\/cigdememlak.com\/en\/blog-yazilari\/\">\n\n\t\t\t\t\t\t\t\t\t\t\t\t<span class=\"elementor-icon-list-icon\">\n\t\t\t\t\t\t\t<svg aria-hidden=\"true\" class=\"e-font-icon-svg e-fas-list\" viewbox=\"0 0 512 512\" xmlns=\"http:\/\/www.w3.org\/2000\/svg\"><path d=\"M80 368H16a16 16 0 0 0-16 16v64a16 16 0 0 0 16 16h64a16 16 0 0 0 16-16v-64a16 16 0 0 0-16-16zm0-320H16A16 16 0 0 0 0 64v64a16 16 0 0 0 16 16h64a16 16 0 0 0 16-16V64a16 16 0 0 0-16-16zm0 160H16a16 16 0 0 0-16 16v64a16 16 0 0 0 16 16h64a16 16 0 0 0 16-16v-64a16 16 0 0 0-16-16zm416 176H176a16 16 0 0 0-16 16v32a16 16 0 0 0 16 16h320a16 16 0 0 0 16-16v-32a16 16 0 0 0-16-16zm0-320H176a16 16 0 0 0-16 16v32a16 16 0 0 0 16 16h320a16 16 0 0 0 16-16V80a16 16 0 0 0-16-16zm0 160H176a16 16 0 0 0-16 16v32a16 16 0 0 0 16 16h320a16 16 0 0 0 16-16v-32a16 16 0 0 0-16-16z\"><\/path><\/svg>\t\t\t\t\t\t<\/span>\n\t\t\t\t\t\t\t\t\t\t<span class=\"elementor-icon-list-text\">View (Edit\/Delete) Blog Posts<\/span>\n\t\t\t\t\t\t\t\t\t\t\t<\/a>\n\t\t\t\t\t\t\t\t\t<\/li>\n\t\t\t\t\t\t<\/ul>\n\t\t\t\t<\/div>\n\t\t\t\t<\/div>\n\t\t\t\t<\/div>\n\t\t<div class=\"elementor-element elementor-element-49d8280 e-con-full e-flex lakit-col-width-auto-no e-container e-con e-child\" data-id=\"49d8280\" data-element_type=\"container\">\n\t\t\t\t<div class=\"elementor-element elementor-element-0a4c9d8 elementor-widget lastudio-kit elementor-lakit-login-frm\" data-id=\"0a4c9d8\" data-element_type=\"widget\" data-widget_type=\"lakit-login-frm.default\">\n\t\t\t\t<div class=\"elementor-widget-container\">\n\t\t\t<style>.lakit-login label{display:block;margin-bottom:0.5em}.lakit-login-lost-password-link{display:inline-block;margin-top:15px}.lakit-login-message{margin-top:15px;margin-bottom:15px;color:#f00;font-size:0.875em}.lakit-login-lost-password-link+.lakit-login-message a{display:none}<\/style><div class=\"lakit-login\"><form name=\"loginform\" id=\"loginform\"  method=\"post\" action=\"\"><p class=\"login-username\">\n\t\t\t\t<label for=\"user_login\">User name<\/label>\n\t\t\t\t<input type=\"text\" name=\"log\" id=\"user_login\" placeholder=\"Enter Username or Email Address\" autocomplete=\"username\" class=\"input\" value=\"\" size=\"20\" \/>\n\t\t\t<\/p><p class=\"login-password\">\n\t\t\t\t<label for=\"user_pass\">Password<\/label>\n\t\t\t\t<input type=\"password\" name=\"pwd\" id=\"user_pass\" placeholder=\"Password\" autocomplete=\"current-password\" spellcheck=\"false\" class=\"input\" value=\"\" size=\"20\" \/>\n\t\t\t<\/p><p class=\"login-remember\"><label><input name=\"rememberme\" type=\"checkbox\" id=\"rememberme\" value=\"forever\" \/> Remember me<\/label><\/p><p class=\"login-submit\">\n\t\t\t\t<input type=\"submit\" name=\"wp-submit\" id=\"wp-submit\" class=\"button button-primary\" value=\"Login\" \/>\n\t\t\t\t<input type=\"hidden\" name=\"redirect_to\" value=\"https:\/\/cigdememlak.com\/en\/wp-json\/wp\/v2\/pages\/4383\" \/>\n\t\t\t<\/p><input type=\"hidden\" name=\"lakit_login\" value=\"1\"><input type=\"hidden\" name=\"trp-form-language\" value=\"en\"\/><\/form><\/div>\t\t<\/div>\n\t\t\t\t<\/div>\n\t\t\t\t<\/div>\n\t\t\t\t\t<\/div>\n\t\t\t\t<\/div>\n\t\t\t\t<\/div>","protected":false},"excerpt":{"rendered":"<p>Yeni \u0130lan Ekle \u0130lanlar\u0131 G\u00f6r\u00fcnt\u00fcle (D\u00fczenle\/Sil) Blog Yaz\u0131s\u0131 Ekle Blog Yaz\u0131lar\u0131n\u0131 G\u00f6r\u00fcnt\u00fcle (D\u00fczenle\/Sil) Kullan\u0131c\u0131 Ad\u0131 \u015eifre Beni Hat\u0131rla<\/p>","protected":false},"author":1,"featured_media":0,"parent":0,"menu_order":0,"comment_status":"closed","ping_status":"closed","template":"","meta":{"_acf_changed":false,"footnotes":""},"class_list":["post-4383","page","type-page","status-publish","hentry"],"acf":[],"_links":{"self":[{"href":"https:\/\/cigdememlak.com\/en\/wp-json\/wp\/v2\/pages\/4383","targetHints":{"allow":["GET"]}}],"collection":[{"href":"https:\/\/cigdememlak.com\/en\/wp-json\/wp\/v2\/pages"}],"about":[{"href":"https:\/\/cigdememlak.com\/en\/wp-json\/wp\/v2\/types\/page"}],"author":[{"embeddable":true,"href":"https:\/\/cigdememlak.com\/en\/wp-json\/wp\/v2\/users\/1"}],"replies":[{"embeddable":true,"href":"https:\/\/cigdememlak.com\/en\/wp-json\/wp\/v2\/comments?post=4383"}],"version-history":[{"count":7,"href":"https:\/\/cigdememlak.com\/en\/wp-json\/wp\/v2\/pages\/4383\/revisions"}],"predecessor-version":[{"id":4435,"href":"https:\/\/cigdememlak.com\/en\/wp-json\/wp\/v2\/pages\/4383\/revisions\/4435"}],"wp:attachment":[{"href":"https:\/\/cigdememlak.com\/en\/wp-json\/wp\/v2\/media?parent=4383"}],"curies":[{"name":"wp","href":"https:\/\/api.w.org\/{rel}","templated":true}]}}